{"id":6202,"date":"2023-02-20T09:56:38","date_gmt":"2023-02-20T07:56:38","guid":{"rendered":"https:\/\/www.labolife.com\/?page_id=6202"},"modified":"2023-06-02T09:07:10","modified_gmt":"2023-06-02T08:07:10","slug":"we-are-rebranding-to-celebrate-our-30th-anniversary","status":"publish","type":"page","link":"https:\/\/www.labolife.com\/de\/we-are-rebranding-to-celebrate-our-30th-anniversary-de\/","title":{"rendered":"Labo\u2019life feiert Geburtstag und schenkt sich ein neues Design"},"content":{"rendered":"\t\t<div data-elementor-type=\"wp-page\" data-elementor-id=\"6202\" class=\"elementor elementor-6202 elementor-6201\" data-elementor-post-type=\"page\">\n\t\t\t\t\t\t<section class=\"elementor-section elementor-top-section elementor-element elementor-element-d48e58d elementor-section-full_width elementor-section-height-min-height elementor-section-height-default elementor-section-items-middle\" data-id=\"d48e58d\" data-element_type=\"section\" data-settings=\"{&quot;background_background&quot;:&quot;classic&quot;,&quot;jet_parallax_layout_list&quot;:[]}\">\n\t\t\t\t\t\t\t<div class=\"elementor-background-overlay\"><\/div>\n\t\t\t\t\t\t\t<div class=\"elementor-container elementor-column-gap-no\">\n\t\t\t\t\t<div class=\"elementor-column elementor-col-100 elementor-top-column elementor-element elementor-element-5f00f81\" data-id=\"5f00f81\" data-element_type=\"column\" data-settings=\"{&quot;background_background&quot;:&quot;classic&quot;}\">\n\t\t\t<div class=\"elementor-widget-wrap elementor-element-populated\">\n\t\t\t\t\t\t<div class=\"elementor-element elementor-element-24a4626 elementor-widget__width-initial elementor-widget-tablet__width-inherit elementor-widget-mobile__width-inherit elementor-widget elementor-widget-heading\" data-id=\"24a4626\" data-element_type=\"widget\" data-widget_type=\"heading.default\">\n\t\t\t\t<div class=\"elementor-widget-container\">\n\t\t\t\t\t<h1 class=\"elementor-heading-title elementor-size-default\">Labo\u2019life feiert Geburtstag und schenkt sich ein neues Design<\/h1>\t\t\t\t<\/div>\n\t\t\t\t<\/div>\n\t\t\t\t\t<\/div>\n\t\t<\/div>\n\t\t\t\t\t<\/div>\n\t\t<\/section>\n\t\t\t\t<section class=\"elementor-section elementor-top-section elementor-element elementor-element-672daee elementor-section-boxed elementor-section-height-default elementor-section-height-default\" data-id=\"672daee\" data-element_type=\"section\" data-settings=\"{&quot;jet_parallax_layout_list&quot;:[]}\">\n\t\t\t\t\t\t<div class=\"elementor-container elementor-column-gap-default\">\n\t\t\t\t\t<div class=\"elementor-column elementor-col-100 elementor-top-column elementor-element elementor-element-970f128\" data-id=\"970f128\" data-element_type=\"column\">\n\t\t\t<div class=\"elementor-widget-wrap elementor-element-populated\">\n\t\t\t\t\t\t<div class=\"elementor-element elementor-element-cc5587d elementor-widget elementor-widget-spacer\" data-id=\"cc5587d\" data-element_type=\"widget\" data-widget_type=\"spacer.default\">\n\t\t\t\t<div class=\"elementor-widget-container\">\n\t\t\t\t\t\t\t<div class=\"elementor-spacer\">\n\t\t\t<div class=\"elementor-spacer-inner\"><\/div>\n\t\t<\/div>\n\t\t\t\t\t\t<\/div>\n\t\t\t\t<\/div>\n\t\t\t\t<div class=\"elementor-element elementor-element-7703b4a elementor-widget elementor-widget-text-editor\" data-id=\"7703b4a\" data-element_type=\"widget\" data-widget_type=\"text-editor.default\">\n\t\t\t\t<div class=\"elementor-widget-container\">\n\t\t\t\t\t\t\t\t\t30 Jahre Labo\u2019life sind 30 Jahre Engagement f\u00fcr ein gesundes Immunsystem.\n\n30 Jahre im engen Austausch mit \u00c4rzten und Therapeuten, die verstanden haben, dass das <span style=\"color: #0052da;\">Immunsystem der beste Verb\u00fcndete von Gesundheit<\/span> ist \u2013 sowohl bei deren Bewahrung als auch bei ihrer Wiedergewinnung \u2013 die erkannt haben, dass man f\u00fcr nachhaltige Therapieerfolge das Immunsystem in die Behandlung einbeziehen muss. <span style=\"color: #0052da;\">Wir erm\u00f6glichen den \u00c4rzten und Therapeuten den Zugang zu einer einfach umzusetzenden Immuntherapie f\u00fcr den Praxisalltag.<\/span>\t\t\t\t\t\t\t\t<\/div>\n\t\t\t\t<\/div>\n\t\t\t\t<div class=\"elementor-element elementor-element-9b8d32e elementor-widget elementor-widget-text-editor\" data-id=\"9b8d32e\" data-element_type=\"widget\" data-widget_type=\"text-editor.default\">\n\t\t\t\t<div class=\"elementor-widget-container\">\n\t\t\t\t\t\t\t\t\tIn den letzten 30 Jahren haben wir hunderte von Patientengeschichten geh\u00f6rt. Wir durften miterleben, wie Patienten durch die Entdeckung der Kraft, die ihrem eigenen Immunsystem innewohnt, entscheidend zu ihrem Wohlergehen beigetragen haben.\nDiese Patienten haben gelernt, wie sie ihr Immunsystem unterst\u00fctzen und falls n\u00f6tig in die richtigen Bahnen lenken k\u00f6nnen. <span style=\"color: #0052da;\">Indem Patienten die Immungesundheit zu ihrem Lebensstil gemacht haben, konnten sie ihre Gesundheits-Story neu schreiben.<\/span>\t\t\t\t\t\t\t\t<\/div>\n\t\t\t\t<\/div>\n\t\t\t\t<div class=\"elementor-element elementor-element-53053fb elementor-widget elementor-widget-text-editor\" data-id=\"53053fb\" data-element_type=\"widget\" data-widget_type=\"text-editor.default\">\n\t\t\t\t<div class=\"elementor-widget-container\">\n\t\t\t\t\t\t\t\t\tEs sind diese Geschichten, die uns motivieren, <span style=\"color: #0052da;\">der Immunit\u00e4t den ihr geb\u00fchrenden Platz in der klinischen Behandlung des Patienten einzufordern<\/span> und ein Modell zu f\u00f6rdern, bei dem jeder Mensch <span style=\"color: #0052da;\">an seiner eigenen Gesundheitsf\u00fcrsorge mitwirken<\/span> kann.\t\t\t\t\t\t\t\t<\/div>\n\t\t\t\t<\/div>\n\t\t\t\t<div class=\"elementor-element elementor-element-938d3c5 elementor-widget elementor-widget-text-editor\" data-id=\"938d3c5\" data-element_type=\"widget\" data-widget_type=\"text-editor.default\">\n\t\t\t\t<div class=\"elementor-widget-container\">\n\t\t\t\t\t\t\t\t\tF\u00fcr die Zukunft haben wir uns das Ziel gesetzt, den Menschen zu einem besseren Verst\u00e4ndnis des Immunsystems, seiner Funktionsweise und seiner Bedeutung im Gesamtsystem Mensch zu verhelfen.\t\t\t\t\t\t\t\t<\/div>\n\t\t\t\t<\/div>\n\t\t\t\t<div class=\"elementor-element elementor-element-7e1a5de elementor-widget elementor-widget-text-editor\" data-id=\"7e1a5de\" data-element_type=\"widget\" data-widget_type=\"text-editor.default\">\n\t\t\t\t<div class=\"elementor-widget-container\">\n\t\t\t\t\t\t\t\t\tUnser neues Logo symbolisiert diese Vision und Begeisterung sowie unsere Bereitschaft, das zu sch\u00fctzen, was uns sch\u00fctzt \u2013 unser Immunsystem.\t\t\t\t\t\t\t\t<\/div>\n\t\t\t\t<\/div>\n\t\t\t\t<div class=\"elementor-element elementor-element-ee2f8fb elementor-widget elementor-widget-spacer\" data-id=\"ee2f8fb\" data-element_type=\"widget\" data-widget_type=\"spacer.default\">\n\t\t\t\t<div class=\"elementor-widget-container\">\n\t\t\t\t\t\t\t<div class=\"elementor-spacer\">\n\t\t\t<div class=\"elementor-spacer-inner\"><\/div>\n\t\t<\/div>\n\t\t\t\t\t\t<\/div>\n\t\t\t\t<\/div>\n\t\t\t\t<div class=\"elementor-element elementor-element-7e7ec06 elementor-widget elementor-widget-image\" data-id=\"7e7ec06\" data-element_type=\"widget\" data-widget_type=\"image.default\">\n\t\t\t\t<div class=\"elementor-widget-container\">\n\t\t\t\t\t\t\t\t\t\t\t\t\t\t\t\t<a href=\"https:\/\/www.labolife.com\/de\/ueber-uns\/#timeline\">\n\t\t\t\t\t\t\t<img fetchpriority=\"high\" decoding=\"async\" width=\"1920\" height=\"600\" src=\"https:\/\/www.labolife.com\/wp-content\/uploads\/2023\/02\/GIF-LL-NEWSLETTER.gif\" class=\"attachment-full size-full wp-image-7421\" alt=\"Labo&#039;life\" \/>\t\t\t\t\t\t\t\t<\/a>\n\t\t\t\t\t\t\t\t\t\t\t\t\t\t\t<\/div>\n\t\t\t\t<\/div>\n\t\t\t\t<div class=\"elementor-element elementor-element-89809d5 elementor-widget elementor-widget-text-editor\" data-id=\"89809d5\" data-element_type=\"widget\" data-widget_type=\"text-editor.default\">\n\t\t\t\t<div class=\"elementor-widget-container\">\n\t\t\t\t\t\t\t\t\t<span style=\"color: #0052da;\">So wie das Immunsystem der Verb\u00fcndete der Gesundheit ist, so ist Labo\u2019life der Verb\u00fcndete des Immunsystems.<\/span>\t\t\t\t\t\t\t\t<\/div>\n\t\t\t\t<\/div>\n\t\t\t\t<div class=\"elementor-element elementor-element-4609742 elementor-widget elementor-widget-spacer\" data-id=\"4609742\" data-element_type=\"widget\" id=\"system\" data-widget_type=\"spacer.default\">\n\t\t\t\t<div class=\"elementor-widget-container\">\n\t\t\t\t\t\t\t<div class=\"elementor-spacer\">\n\t\t\t<div class=\"elementor-spacer-inner\"><\/div>\n\t\t<\/div>\n\t\t\t\t\t\t<\/div>\n\t\t\t\t<\/div>\n\t\t\t\t<div class=\"elementor-element elementor-element-bab402f elementor-widget elementor-widget-spacer\" data-id=\"bab402f\" data-element_type=\"widget\" data-widget_type=\"spacer.default\">\n\t\t\t\t<div class=\"elementor-widget-container\">\n\t\t\t\t\t\t\t<div class=\"elementor-spacer\">\n\t\t\t<div class=\"elementor-spacer-inner\"><\/div>\n\t\t<\/div>\n\t\t\t\t\t\t<\/div>\n\t\t\t\t<\/div>\n\t\t\t\t\t<\/div>\n\t\t<\/div>\n\t\t\t\t\t<\/div>\n\t\t<\/section>\n\t\t\t\t<section class=\"elementor-section elementor-top-section elementor-element elementor-element-959e640 elementor-section-full_width elementor-section-height-default elementor-section-height-default\" data-id=\"959e640\" data-element_type=\"section\" data-settings=\"{&quot;jet_parallax_layout_list&quot;:[]}\">\n\t\t\t\t\t\t<div class=\"elementor-container elementor-column-gap-no\">\n\t\t\t\t\t<div class=\"elementor-column elementor-col-100 elementor-top-column elementor-element elementor-element-f88d325\" data-id=\"f88d325\" data-element_type=\"column\">\n\t\t\t<div class=\"elementor-widget-wrap elementor-element-populated\">\n\t\t\t\t\t\t<div class=\"elementor-element elementor-element-39f62aa elementor-widget elementor-widget-shortcode\" data-id=\"39f62aa\" data-element_type=\"widget\" data-widget_type=\"shortcode.default\">\n\t\t\t\t<div class=\"elementor-widget-container\">\n\t\t\t\t\t\t\t<div class=\"elementor-shortcode\">\t\t<div data-elementor-type=\"section\" data-elementor-id=\"5409\" class=\"elementor elementor-5409 elementor-576\" data-elementor-post-type=\"elementor_library\">\n\t\t\t\t\t<section class=\"elementor-section elementor-top-section elementor-element elementor-element-e61fdef radius-bottom-25 elementor-section-boxed elementor-section-height-default elementor-section-height-default\" data-id=\"e61fdef\" data-element_type=\"section\" data-settings=\"{&quot;background_background&quot;:&quot;classic&quot;,&quot;jet_parallax_layout_list&quot;:[]}\">\n\t\t\t\t\t\t\t<div class=\"elementor-background-overlay\"><\/div>\n\t\t\t\t\t\t\t<div class=\"elementor-container elementor-column-gap-default\">\n\t\t\t\t\t<div class=\"elementor-column elementor-col-100 elementor-top-column elementor-element elementor-element-657e24e8\" data-id=\"657e24e8\" data-element_type=\"column\">\n\t\t\t<div class=\"elementor-widget-wrap elementor-element-populated\">\n\t\t\t\t\t\t<section class=\"elementor-section elementor-inner-section elementor-element elementor-element-64e456fd elementor-section-height-min-height elementor-section-content-middle elementor-section-boxed elementor-section-height-default\" data-id=\"64e456fd\" data-element_type=\"section\" data-settings=\"{&quot;background_background&quot;:&quot;classic&quot;,&quot;jet_parallax_layout_list&quot;:[]}\">\n\t\t\t\t\t\t<div class=\"elementor-container elementor-column-gap-default\">\n\t\t\t\t\t<div class=\"elementor-column elementor-col-100 elementor-inner-column elementor-element elementor-element-1c77236d\" data-id=\"1c77236d\" data-element_type=\"column\">\n\t\t\t<div class=\"elementor-widget-wrap elementor-element-populated\">\n\t\t\t\t\t\t<div class=\"elementor-element elementor-element-65383fed elementor-widget__width-inherit elementor-widget elementor-widget-text-editor\" data-id=\"65383fed\" data-element_type=\"widget\" data-widget_type=\"text-editor.default\">\n\t\t\t\t<div class=\"elementor-widget-container\">\n\t\t\t\t\t\t\t\t\t<h2 style=\"text-align: center;\">Haben Sie Fragen? Wir stehen Ihnen <span style=\"color: #0052da;\">gerne zur Verf\u00fcgung.<\/span><\/h2>\n\t\t\t\t\t\t\t\t<\/div>\n\t\t\t\t<\/div>\n\t\t\t\t<div class=\"elementor-element elementor-element-1ba710a4 elementor-align-center elementor-widget elementor-widget-button\" data-id=\"1ba710a4\" data-element_type=\"widget\" data-widget_type=\"button.default\">\n\t\t\t\t<div class=\"elementor-widget-container\">\n\t\t\t\t\t\t\t\t\t<div class=\"elementor-button-wrapper\">\n\t\t\t\t\t<a class=\"elementor-button elementor-button-link elementor-size-sm\" href=\"https:\/\/www.labolife.com\/de\/kontakt\/\">\n\t\t\t\t\t\t<span class=\"elementor-button-content-wrapper\">\n\t\t\t\t\t\t\t\t\t<span class=\"elementor-button-text\">Kontakt<\/span>\n\t\t\t\t\t<\/span>\n\t\t\t\t\t<\/a>\n\t\t\t\t<\/div>\n\t\t\t\t\t\t\t\t<\/div>\n\t\t\t\t<\/div>\n\t\t\t\t\t<\/div>\n\t\t<\/div>\n\t\t\t\t\t<\/div>\n\t\t<\/section>\n\t\t\t\t\t<\/div>\n\t\t<\/div>\n\t\t\t\t\t<\/div>\n\t\t<\/section>\n\t\t\t\t<\/div>\n\t\t<\/div>\n\t\t\t\t\t\t<\/div>\n\t\t\t\t<\/div>\n\t\t\t\t\t<\/div>\n\t\t<\/div>\n\t\t\t\t\t<\/div>\n\t\t<\/section>\n\t\t\t\t<\/div>\n\t\t","protected":false},"excerpt":{"rendered":"<p>30 Jahre Labo\u2019life sind 30 Jahre Engagement f\u00fcr ein gesundes Immunsystem. 30 Jahre im engen Austausch mit \u00c4rzten und Therapeuten, die verstanden haben, dass das Immunsystem der beste Verb\u00fcndete von Gesundheit ist \u2013 sowohl bei deren Bewahrung als auch bei ihrer Wiedergewinnung \u2013 die erkannt haben, dass man f\u00fcr nachhaltige Therapieerfolge das Immunsystem in die [&hellip;]<\/p>\n","protected":false},"author":6,"featured_media":4367,"parent":0,"menu_order":0,"comment_status":"closed","ping_status":"closed","template":"","meta":{"footnotes":""},"class_list":["post-6202","page","type-page","status-publish","has-post-thumbnail","hentry"],"yoast_head":"<!-- This site is optimized with the Yoast SEO plugin v26.8 - https:\/\/yoast.com\/product\/yoast-seo-wordpress\/ -->\n<title>Labo\u2019life feiert Geburtstag und schenkt sich ein neues Design - Labo\u2019life<\/title>\n<meta name=\"robots\" content=\"index, follow, max-snippet:-1, max-image-preview:large, max-video-preview:-1\" \/>\n<link rel=\"canonical\" href=\"https:\/\/www.labolife.com\/de\/we-are-rebranding-to-celebrate-our-30th-anniversary-de\/\" \/>\n<meta property=\"og:locale\" content=\"de_DE\" \/>\n<meta property=\"og:type\" content=\"article\" \/>\n<meta property=\"og:title\" content=\"Labo\u2019life feiert Geburtstag und schenkt sich ein neues Design - Labo\u2019life\" \/>\n<meta property=\"og:description\" content=\"30 Jahre Labo\u2019life sind 30 Jahre Engagement f\u00fcr ein gesundes Immunsystem. 30 Jahre im engen Austausch mit \u00c4rzten und Therapeuten, die verstanden haben, dass das Immunsystem der beste Verb\u00fcndete von Gesundheit ist \u2013 sowohl bei deren Bewahrung als auch bei ihrer Wiedergewinnung \u2013 die erkannt haben, dass man f\u00fcr nachhaltige Therapieerfolge das Immunsystem in die [&hellip;]\" \/>\n<meta property=\"og:url\" content=\"https:\/\/www.labolife.com\/de\/we-are-rebranding-to-celebrate-our-30th-anniversary-de\/\" \/>\n<meta property=\"og:site_name\" content=\"Labo\u2019life\" \/>\n<meta property=\"article:modified_time\" content=\"2023-06-02T08:07:10+00:00\" \/>\n<meta property=\"og:image\" content=\"https:\/\/www.labolife.com\/wp-content\/uploads\/2022\/12\/8b28051c7d54b4f3dbb19432e7f26769_Expires167201280-1.jpg\" \/>\n\t<meta property=\"og:image:width\" content=\"1600\" \/>\n\t<meta property=\"og:image:height\" content=\"882\" \/>\n\t<meta property=\"og:image:type\" content=\"image\/jpeg\" \/>\n<meta name=\"twitter:card\" content=\"summary_large_image\" \/>\n<meta name=\"twitter:label1\" content=\"Est. reading time\" \/>\n\t<meta name=\"twitter:data1\" content=\"3 Minuten\" \/>\n<script type=\"application\/ld+json\" class=\"yoast-schema-graph\">{\"@context\":\"https:\/\/schema.org\",\"@graph\":[{\"@type\":\"WebPage\",\"@id\":\"https:\/\/www.labolife.com\/de\/we-are-rebranding-to-celebrate-our-30th-anniversary-de\/\",\"url\":\"https:\/\/www.labolife.com\/de\/we-are-rebranding-to-celebrate-our-30th-anniversary-de\/\",\"name\":\"Labo\u2019life feiert Geburtstag und schenkt sich ein neues Design - Labo\u2019life\",\"isPartOf\":{\"@id\":\"https:\/\/www.labolife.com\/de\/#website\"},\"primaryImageOfPage\":{\"@id\":\"https:\/\/www.labolife.com\/de\/we-are-rebranding-to-celebrate-our-30th-anniversary-de\/#primaryimage\"},\"image\":{\"@id\":\"https:\/\/www.labolife.com\/de\/we-are-rebranding-to-celebrate-our-30th-anniversary-de\/#primaryimage\"},\"thumbnailUrl\":\"https:\/\/www.labolife.com\/wp-content\/uploads\/2022\/12\/8b28051c7d54b4f3dbb19432e7f26769_Expires167201280-1.jpg\",\"datePublished\":\"2023-02-20T07:56:38+00:00\",\"dateModified\":\"2023-06-02T08:07:10+00:00\",\"breadcrumb\":{\"@id\":\"https:\/\/www.labolife.com\/de\/we-are-rebranding-to-celebrate-our-30th-anniversary-de\/#breadcrumb\"},\"inLanguage\":\"de-DE\",\"potentialAction\":[{\"@type\":\"ReadAction\",\"target\":[\"https:\/\/www.labolife.com\/de\/we-are-rebranding-to-celebrate-our-30th-anniversary-de\/\"]}]},{\"@type\":\"ImageObject\",\"inLanguage\":\"de-DE\",\"@id\":\"https:\/\/www.labolife.com\/de\/we-are-rebranding-to-celebrate-our-30th-anniversary-de\/#primaryimage\",\"url\":\"https:\/\/www.labolife.com\/wp-content\/uploads\/2022\/12\/8b28051c7d54b4f3dbb19432e7f26769_Expires167201280-1.jpg\",\"contentUrl\":\"https:\/\/www.labolife.com\/wp-content\/uploads\/2022\/12\/8b28051c7d54b4f3dbb19432e7f26769_Expires167201280-1.jpg\",\"width\":1600,\"height\":882,\"caption\":\"Medicamentos\"},{\"@type\":\"BreadcrumbList\",\"@id\":\"https:\/\/www.labolife.com\/de\/we-are-rebranding-to-celebrate-our-30th-anniversary-de\/#breadcrumb\",\"itemListElement\":[{\"@type\":\"ListItem\",\"position\":1,\"name\":\"Portada\",\"item\":\"https:\/\/www.labolife.com\/de\/\"},{\"@type\":\"ListItem\",\"position\":2,\"name\":\"Labo\u2019life feiert Geburtstag und schenkt sich ein neues Design\"}]},{\"@type\":\"WebSite\",\"@id\":\"https:\/\/www.labolife.com\/de\/#website\",\"url\":\"https:\/\/www.labolife.com\/de\/\",\"name\":\"Labo\u2019life\",\"description\":\"\",\"publisher\":{\"@id\":\"https:\/\/www.labolife.com\/de\/#organization\"},\"potentialAction\":[{\"@type\":\"SearchAction\",\"target\":{\"@type\":\"EntryPoint\",\"urlTemplate\":\"https:\/\/www.labolife.com\/de\/?s={search_term_string}\"},\"query-input\":{\"@type\":\"PropertyValueSpecification\",\"valueRequired\":true,\"valueName\":\"search_term_string\"}}],\"inLanguage\":\"de-DE\"},{\"@type\":\"Organization\",\"@id\":\"https:\/\/www.labolife.com\/de\/#organization\",\"name\":\"Labo\u00b4Life\",\"url\":\"https:\/\/www.labolife.com\/de\/\",\"logo\":{\"@type\":\"ImageObject\",\"inLanguage\":\"de-DE\",\"@id\":\"https:\/\/www.labolife.com\/de\/#\/schema\/logo\/image\/\",\"url\":\"https:\/\/www.labolife.com\/wp-content\/uploads\/2023\/11\/logo-labolife.png\",\"contentUrl\":\"https:\/\/www.labolife.com\/wp-content\/uploads\/2023\/11\/logo-labolife.png\",\"width\":1148,\"height\":200,\"caption\":\"Labo\u00b4Life\"},\"image\":{\"@id\":\"https:\/\/www.labolife.com\/de\/#\/schema\/logo\/image\/\"}}]}<\/script>\n<!-- \/ Yoast SEO plugin. -->","yoast_head_json":{"title":"Labo\u2019life feiert Geburtstag und schenkt sich ein neues Design - Labo\u2019life","robots":{"index":"index","follow":"follow","max-snippet":"max-snippet:-1","max-image-preview":"max-image-preview:large","max-video-preview":"max-video-preview:-1"},"canonical":"https:\/\/www.labolife.com\/de\/we-are-rebranding-to-celebrate-our-30th-anniversary-de\/","og_locale":"de_DE","og_type":"article","og_title":"Labo\u2019life feiert Geburtstag und schenkt sich ein neues Design - Labo\u2019life","og_description":"30 Jahre Labo\u2019life sind 30 Jahre Engagement f\u00fcr ein gesundes Immunsystem. 30 Jahre im engen Austausch mit \u00c4rzten und Therapeuten, die verstanden haben, dass das Immunsystem der beste Verb\u00fcndete von Gesundheit ist \u2013 sowohl bei deren Bewahrung als auch bei ihrer Wiedergewinnung \u2013 die erkannt haben, dass man f\u00fcr nachhaltige Therapieerfolge das Immunsystem in die [&hellip;]","og_url":"https:\/\/www.labolife.com\/de\/we-are-rebranding-to-celebrate-our-30th-anniversary-de\/","og_site_name":"Labo\u2019life","article_modified_time":"2023-06-02T08:07:10+00:00","og_image":[{"width":1600,"height":882,"url":"https:\/\/www.labolife.com\/wp-content\/uploads\/2022\/12\/8b28051c7d54b4f3dbb19432e7f26769_Expires167201280-1.jpg","type":"image\/jpeg"}],"twitter_card":"summary_large_image","twitter_misc":{"Est. reading time":"3 Minuten"},"schema":{"@context":"https:\/\/schema.org","@graph":[{"@type":"WebPage","@id":"https:\/\/www.labolife.com\/de\/we-are-rebranding-to-celebrate-our-30th-anniversary-de\/","url":"https:\/\/www.labolife.com\/de\/we-are-rebranding-to-celebrate-our-30th-anniversary-de\/","name":"Labo\u2019life feiert Geburtstag und schenkt sich ein neues Design - Labo\u2019life","isPartOf":{"@id":"https:\/\/www.labolife.com\/de\/#website"},"primaryImageOfPage":{"@id":"https:\/\/www.labolife.com\/de\/we-are-rebranding-to-celebrate-our-30th-anniversary-de\/#primaryimage"},"image":{"@id":"https:\/\/www.labolife.com\/de\/we-are-rebranding-to-celebrate-our-30th-anniversary-de\/#primaryimage"},"thumbnailUrl":"https:\/\/www.labolife.com\/wp-content\/uploads\/2022\/12\/8b28051c7d54b4f3dbb19432e7f26769_Expires167201280-1.jpg","datePublished":"2023-02-20T07:56:38+00:00","dateModified":"2023-06-02T08:07:10+00:00","breadcrumb":{"@id":"https:\/\/www.labolife.com\/de\/we-are-rebranding-to-celebrate-our-30th-anniversary-de\/#breadcrumb"},"inLanguage":"de-DE","potentialAction":[{"@type":"ReadAction","target":["https:\/\/www.labolife.com\/de\/we-are-rebranding-to-celebrate-our-30th-anniversary-de\/"]}]},{"@type":"ImageObject","inLanguage":"de-DE","@id":"https:\/\/www.labolife.com\/de\/we-are-rebranding-to-celebrate-our-30th-anniversary-de\/#primaryimage","url":"https:\/\/www.labolife.com\/wp-content\/uploads\/2022\/12\/8b28051c7d54b4f3dbb19432e7f26769_Expires167201280-1.jpg","contentUrl":"https:\/\/www.labolife.com\/wp-content\/uploads\/2022\/12\/8b28051c7d54b4f3dbb19432e7f26769_Expires167201280-1.jpg","width":1600,"height":882,"caption":"Medicamentos"},{"@type":"BreadcrumbList","@id":"https:\/\/www.labolife.com\/de\/we-are-rebranding-to-celebrate-our-30th-anniversary-de\/#breadcrumb","itemListElement":[{"@type":"ListItem","position":1,"name":"Portada","item":"https:\/\/www.labolife.com\/de\/"},{"@type":"ListItem","position":2,"name":"Labo\u2019life feiert Geburtstag und schenkt sich ein neues Design"}]},{"@type":"WebSite","@id":"https:\/\/www.labolife.com\/de\/#website","url":"https:\/\/www.labolife.com\/de\/","name":"Labo\u2019life","description":"","publisher":{"@id":"https:\/\/www.labolife.com\/de\/#organization"},"potentialAction":[{"@type":"SearchAction","target":{"@type":"EntryPoint","urlTemplate":"https:\/\/www.labolife.com\/de\/?s={search_term_string}"},"query-input":{"@type":"PropertyValueSpecification","valueRequired":true,"valueName":"search_term_string"}}],"inLanguage":"de-DE"},{"@type":"Organization","@id":"https:\/\/www.labolife.com\/de\/#organization","name":"Labo\u00b4Life","url":"https:\/\/www.labolife.com\/de\/","logo":{"@type":"ImageObject","inLanguage":"de-DE","@id":"https:\/\/www.labolife.com\/de\/#\/schema\/logo\/image\/","url":"https:\/\/www.labolife.com\/wp-content\/uploads\/2023\/11\/logo-labolife.png","contentUrl":"https:\/\/www.labolife.com\/wp-content\/uploads\/2023\/11\/logo-labolife.png","width":1148,"height":200,"caption":"Labo\u00b4Life"},"image":{"@id":"https:\/\/www.labolife.com\/de\/#\/schema\/logo\/image\/"}}]}},"_links":{"self":[{"href":"https:\/\/www.labolife.com\/de\/wp-json\/wp\/v2\/pages\/6202","targetHints":{"allow":["GET"]}}],"collection":[{"href":"https:\/\/www.labolife.com\/de\/wp-json\/wp\/v2\/pages"}],"about":[{"href":"https:\/\/www.labolife.com\/de\/wp-json\/wp\/v2\/types\/page"}],"author":[{"embeddable":true,"href":"https:\/\/www.labolife.com\/de\/wp-json\/wp\/v2\/users\/6"}],"replies":[{"embeddable":true,"href":"https:\/\/www.labolife.com\/de\/wp-json\/wp\/v2\/comments?post=6202"}],"version-history":[{"count":32,"href":"https:\/\/www.labolife.com\/de\/wp-json\/wp\/v2\/pages\/6202\/revisions"}],"predecessor-version":[{"id":9175,"href":"https:\/\/www.labolife.com\/de\/wp-json\/wp\/v2\/pages\/6202\/revisions\/9175"}],"wp:featuredmedia":[{"embeddable":true,"href":"https:\/\/www.labolife.com\/de\/wp-json\/wp\/v2\/media\/4367"}],"wp:attachment":[{"href":"https:\/\/www.labolife.com\/de\/wp-json\/wp\/v2\/media?parent=6202"}],"curies":[{"name":"wp","href":"https:\/\/api.w.org\/{rel}","templated":true}]}}